{"id":7226,"date":"2021-03-01T08:09:45","date_gmt":"2021-03-01T08:09:45","guid":{"rendered":"https:\/\/polion-rent.com\/?page_id=7226"},"modified":"2026-02-03T11:27:12","modified_gmt":"2026-02-03T10:27:12","slug":"istria-guide","status":"publish","type":"page","link":"https:\/\/polion-rent.com\/hr\/istria-guide\/","title":{"rendered":"Vodi\u010d kroz Istru"},"content":{"rendered":"<div data-elementor-type=\"wp-page\" data-elementor-id=\"7226\" class=\"elementor elementor-7226\">\n\t\t\t\t\t\t<div class=\"elementor-inner\">\n\t\t\t\t<div class=\"elementor-section-wrap\">\n\t\t\t\t\t\t\t\t\t<section class=\"elementor-section elementor-top-section elementor-element elementor-element-0efe8ce elementor-section-boxed elementor-section-height-default elementor-section-height-default wpr-particle-no wpr-jarallax-no wpr-parallax-no wpr-sticky-section-no\" data-id=\"0efe8ce\" data-element_type=\"section\">\n\t\t\t\t\t\t<div class=\"elementor-container elementor-column-gap-default\">\n\t\t\t\t\t\t\t<div class=\"elementor-row\">\n\t\t\t\t\t<div class=\"elementor-column elementor-col-100 elementor-top-column elementor-element elementor-element-105b329\" data-id=\"105b329\" data-element_type=\"column\">\n\t\t\t<div class=\"elementor-column-wrap elementor-element-populated\">\n\t\t\t\t\t\t\t<div class=\"elementor-widget-wrap\">\n\t\t\t\t\t\t<div class=\"elementor-element elementor-element-83b65cc elementor-widget elementor-widget-spacer\" data-id=\"83b65cc\" data-element_type=\"widget\" data-widget_type=\"spacer.default\">\n\t\t\t\t<div class=\"elementor-widget-container\">\n\t\t\t\t\t<div class=\"elementor-spacer\">\n\t\t\t<div class=\"elementor-spacer-inner\"><\/div>\n\t\t<\/div>\n\t\t\t\t<\/div>\n\t\t\t\t<\/div>\n\t\t\t\t\t\t<\/div>\n\t\t\t\t\t<\/div>\n\t\t<\/div>\n\t\t\t\t\t\t\t\t<\/div>\n\t\t\t\t\t<\/div>\n\t\t<\/section>\n\t\t\t\t<section class=\"elementor-section elementor-top-section elementor-element elementor-element-90c5f67 elementor-section-boxed elementor-section-height-default elementor-section-height-default wpr-particle-no wpr-jarallax-no wpr-parallax-no wpr-sticky-section-no\" data-id=\"90c5f67\" data-element_type=\"section\">\n\t\t\t\t\t\t<div class=\"elementor-container elementor-column-gap-default\">\n\t\t\t\t\t\t\t<div class=\"elementor-row\">\n\t\t\t\t\t<div class=\"elementor-column elementor-col-100 elementor-top-column elementor-element elementor-element-825c1c7\" data-id=\"825c1c7\" data-element_type=\"column\">\n\t\t\t<div class=\"elementor-column-wrap elementor-element-populated\">\n\t\t\t\t\t\t\t<div class=\"elementor-widget-wrap\">\n\t\t\t\t\t\t<div class=\"elementor-element elementor-element-6f75fcf guide-listing arrow-style-1 elementor-widget elementor-widget-triply-post-grid\" data-id=\"6f75fcf\" data-element_type=\"widget\" data-widget_type=\"triply-post-grid.default\">\n\t\t\t\t<div class=\"elementor-widget-container\">\n\t\t\t        <div class=\"elementor-post-wrapper\">\n            <div class=\"row\" data-elementor-columns=\"2\" data-elementor-columns-tablet=\"1\" data-elementor-columns-mobile=\"1\">\n                <div class=\"column-item post-style-1 hentry\">\n    <div class=\"post-inner\">\n                    <div class=\"post-thumbnail\">\n                <a href=\"https:\/\/www.istra.hr\/en\/gourmet\">\n                    <img width=\"768\" height=\"768\" src=\"https:\/\/polion-rent.com\/wp-content\/uploads\/2021\/03\/istria-wine.jpg\" class=\"attachment-triply-post-grid size-triply-post-grid wp-post-image\" alt=\"\" decoding=\"async\" loading=\"lazy\" srcset=\"https:\/\/polion-rent.com\/wp-content\/uploads\/2021\/03\/istria-wine.jpg 768w, https:\/\/polion-rent.com\/wp-content\/uploads\/2021\/03\/istria-wine-300x300.jpg 300w, https:\/\/polion-rent.com\/wp-content\/uploads\/2021\/03\/istria-wine-150x150.jpg 150w, https:\/\/polion-rent.com\/wp-content\/uploads\/2021\/03\/istria-wine-500x500.jpg 500w, https:\/\/polion-rent.com\/wp-content\/uploads\/2021\/03\/istria-wine-100x100.jpg 100w, https:\/\/polion-rent.com\/wp-content\/uploads\/2021\/03\/istria-wine-450x450.jpg 450w\" sizes=\"(max-width: 768px) 100vw, 768px\" \/>                <\/a>\n            <\/div><!-- .post-thumbnail -->\n\n                <div class=\"entry-content\">\n            <div class=\"entry-content-wrapper\">\n                <div class=\"entry-header\">\n                    <span class=\"categories-link\"><span class=\"screen-reader-text\">Categories<\/span><a href=\"https:\/\/polion-rent.com\/hr\/category\/food-wine\/\" rel=\"category tag\">Hrana &amp; Vino<\/a><\/span><h3 class=\"entry-title\"><a href=\"https:\/\/www.istra.hr\/en\/gourmet\" rel=\"bookmark\">Gastronomija u Istri<\/a><\/h3>                <\/div>\n                <div class=\"entry-bottom\">\n                    <p>Istarska kuhinja o\u010darat \u0107e vas svojom raznoliko\u0161\u0107u i ravnote\u017eom. Ponekad \u0107ete iskusiti mediteransku stranu istarske kuhinje; a ponekad,\u2026<\/p>\n                <\/div>\n                <div class=\"entry-meta\">\n                    <span class=\"posted-on\"><a href=\"https:\/\/www.istra.hr\/en\/gourmet\" rel=\"bookmark\"><time class=\"entry-date published\" datetime=\"2021-03-18T08:57:20+01:00\">O\u017eujak<\/time><time class=\"updated\" datetime=\"2026-02-03T11:26:38+01:00\">February 3, 2026<\/time><\/a><\/span> <span class=\"post-author\"><span>By <a href=\"https:\/\/polion-rent.com\/hr\/author\/polion\/\">polion<\/a><\/span><\/span> <span class=\"post-comments\"><a href=\"https:\/\/www.istra.hr\/en\/gourmet#respond\" rel=\"author\">0<\/a><\/span>                <\/div>\n            <\/div>\n        <\/div>\n    <\/div>\n<\/div>\n<div class=\"column-item post-style-1 hentry\">\n    <div class=\"post-inner\">\n                    <div class=\"post-thumbnail\">\n                <a href=\"https:\/\/www.istra.hr\/en\/experience\/culture\">\n                    <img width=\"768\" height=\"768\" src=\"https:\/\/polion-rent.com\/wp-content\/uploads\/2021\/03\/istria-pula.jpg\" class=\"attachment-triply-post-grid size-triply-post-grid wp-post-image\" alt=\"\" decoding=\"async\" loading=\"lazy\" srcset=\"https:\/\/polion-rent.com\/wp-content\/uploads\/2021\/03\/istria-pula.jpg 768w, https:\/\/polion-rent.com\/wp-content\/uploads\/2021\/03\/istria-pula-300x300.jpg 300w, https:\/\/polion-rent.com\/wp-content\/uploads\/2021\/03\/istria-pula-150x150.jpg 150w, https:\/\/polion-rent.com\/wp-content\/uploads\/2021\/03\/istria-pula-500x500.jpg 500w, https:\/\/polion-rent.com\/wp-content\/uploads\/2021\/03\/istria-pula-100x100.jpg 100w, https:\/\/polion-rent.com\/wp-content\/uploads\/2021\/03\/istria-pula-450x450.jpg 450w\" sizes=\"(max-width: 768px) 100vw, 768px\" \/>                <\/a>\n            <\/div><!-- .post-thumbnail -->\n\n                <div class=\"entry-content\">\n            <div class=\"entry-content-wrapper\">\n                <div class=\"entry-header\">\n                    <span class=\"categories-link\"><span class=\"screen-reader-text\">Categories<\/span><a href=\"https:\/\/polion-rent.com\/hr\/category\/culture\/\" rel=\"category tag\">Kultura<\/a><\/span><h3 class=\"entry-title\"><a href=\"https:\/\/www.istra.hr\/en\/experience\/culture\" rel=\"bookmark\">Umjetnost i kultura<\/a><\/h3>                <\/div>\n                <div class=\"entry-bottom\">\n                    <p>\u0160etaju\u0107i \u010darobnim stazama bogate i burne pro\u0161losti, do\u0107i \u0107ete do plemenite civilizacijske razmjene na komadu zemlje \u010dija kulturna\u2026<\/p>\n                <\/div>\n                <div class=\"entry-meta\">\n                    <span class=\"posted-on\"><a href=\"https:\/\/www.istra.hr\/en\/experience\/culture\" rel=\"bookmark\"><time class=\"entry-date published\" datetime=\"2021-03-18T08:53:35+01:00\">O\u017eujak<\/time><time class=\"updated\" datetime=\"2026-02-03T11:26:46+01:00\">February 3, 2026<\/time><\/a><\/span> <span class=\"post-author\"><span>By <a href=\"https:\/\/polion-rent.com\/hr\/author\/polion\/\">polion<\/a><\/span><\/span> <span class=\"post-comments\"><a href=\"https:\/\/www.istra.hr\/en\/experience\/culture#respond\" rel=\"author\">0<\/a><\/span>                <\/div>\n            <\/div>\n        <\/div>\n    <\/div>\n<\/div>\n<div class=\"column-item post-style-1 hentry\">\n    <div class=\"post-inner\">\n                    <div class=\"post-thumbnail\">\n                <a href=\"http:\/\/www.istra.hr\/en\/attractions-and-activities\/coast-and-beaches\">\n                    <img width=\"768\" height=\"768\" src=\"https:\/\/polion-rent.com\/wp-content\/uploads\/2021\/03\/istria-beach.jpg\" class=\"attachment-triply-post-grid size-triply-post-grid wp-post-image\" alt=\"\" decoding=\"async\" loading=\"lazy\" srcset=\"https:\/\/polion-rent.com\/wp-content\/uploads\/2021\/03\/istria-beach.jpg 768w, https:\/\/polion-rent.com\/wp-content\/uploads\/2021\/03\/istria-beach-300x300.jpg 300w, https:\/\/polion-rent.com\/wp-content\/uploads\/2021\/03\/istria-beach-150x150.jpg 150w, https:\/\/polion-rent.com\/wp-content\/uploads\/2021\/03\/istria-beach-500x500.jpg 500w, https:\/\/polion-rent.com\/wp-content\/uploads\/2021\/03\/istria-beach-100x100.jpg 100w, https:\/\/polion-rent.com\/wp-content\/uploads\/2021\/03\/istria-beach-450x450.jpg 450w\" sizes=\"(max-width: 768px) 100vw, 768px\" \/>                <\/a>\n            <\/div><!-- .post-thumbnail -->\n\n                <div class=\"entry-content\">\n            <div class=\"entry-content-wrapper\">\n                <div class=\"entry-header\">\n                    <span class=\"categories-link\"><span class=\"screen-reader-text\">Categories<\/span><a href=\"https:\/\/polion-rent.com\/hr\/category\/beach\/\" rel=\"category tag\">Beach<\/a><\/span><h3 class=\"entry-title\"><a href=\"http:\/\/www.istra.hr\/en\/attractions-and-activities\/coast-and-beaches\" rel=\"bookmark\">Pla\u017ea i obala<\/a><\/h3>                <\/div>\n                <div class=\"entry-bottom\">\n                    <p>Bilo da se odlu\u010dite za skrivene uvale s bijelim \u0161ljunkom, male ili ve\u0107e uvale ili mirisne grebene obasjane\u2026<\/p>\n                <\/div>\n                <div class=\"entry-meta\">\n                    <span class=\"posted-on\"><a href=\"http:\/\/www.istra.hr\/en\/attractions-and-activities\/coast-and-beaches\" rel=\"bookmark\"><time class=\"entry-date published\" datetime=\"2021-03-18T08:49:38+01:00\">O\u017eujak<\/time><time class=\"updated\" datetime=\"2026-02-03T11:26:46+01:00\">February 3, 2026<\/time><\/a><\/span> <span class=\"post-author\"><span>By <a href=\"https:\/\/polion-rent.com\/hr\/author\/polion\/\">polion<\/a><\/span><\/span> <span class=\"post-comments\"><a href=\"http:\/\/www.istra.hr\/en\/attractions-and-activities\/coast-and-beaches#respond\" rel=\"author\">0<\/a><\/span>                <\/div>\n            <\/div>\n        <\/div>\n    <\/div>\n<\/div>\n<div class=\"column-item post-style-1 hentry\">\n    <div class=\"post-inner\">\n                    <div class=\"post-thumbnail\">\n                <a href=\"http:\/\/www.istra.hr\/en\/attractions-and-activities\/events\">\n                    <img width=\"768\" height=\"768\" src=\"https:\/\/polion-rent.com\/wp-content\/uploads\/2021\/03\/istria-events.jpg\" class=\"attachment-triply-post-grid size-triply-post-grid wp-post-image\" alt=\"\" decoding=\"async\" loading=\"lazy\" srcset=\"https:\/\/polion-rent.com\/wp-content\/uploads\/2021\/03\/istria-events.jpg 768w, https:\/\/polion-rent.com\/wp-content\/uploads\/2021\/03\/istria-events-300x300.jpg 300w, https:\/\/polion-rent.com\/wp-content\/uploads\/2021\/03\/istria-events-150x150.jpg 150w, https:\/\/polion-rent.com\/wp-content\/uploads\/2021\/03\/istria-events-500x500.jpg 500w, https:\/\/polion-rent.com\/wp-content\/uploads\/2021\/03\/istria-events-100x100.jpg 100w, https:\/\/polion-rent.com\/wp-content\/uploads\/2021\/03\/istria-events-450x450.jpg 450w\" sizes=\"(max-width: 768px) 100vw, 768px\" \/>                <\/a>\n            <\/div><!-- .post-thumbnail -->\n\n                <div class=\"entry-content\">\n            <div class=\"entry-content-wrapper\">\n                <div class=\"entry-header\">\n                    <span class=\"categories-link\"><span class=\"screen-reader-text\">Categories<\/span><a href=\"https:\/\/polion-rent.com\/hr\/category\/events\/\" rel=\"category tag\">Doga\u0111aji<\/a><\/span><h3 class=\"entry-title\"><a href=\"http:\/\/www.istra.hr\/en\/attractions-and-activities\/events\" rel=\"bookmark\">Doga\u0111anja u Istri<\/a><\/h3>                <\/div>\n                <div class=\"entry-bottom\">\n                    <p>Ovdje mo\u017eete vidjeti sve doga\u0111aje koje smo odabrali za vas! Koncerti, doga\u0111anja, tradicionalni, folklorni festivali i ostalo ..<\/p>\n                <\/div>\n                <div class=\"entry-meta\">\n                    <span class=\"posted-on\"><a href=\"http:\/\/www.istra.hr\/en\/attractions-and-activities\/events\" rel=\"bookmark\"><time class=\"entry-date published\" datetime=\"2021-03-18T08:45:43+01:00\">O\u017eujak<\/time><time class=\"updated\" datetime=\"2026-02-03T11:26:46+01:00\">February 3, 2026<\/time><\/a><\/span> <span class=\"post-author\"><span>By <a href=\"https:\/\/polion-rent.com\/hr\/author\/polion\/\">polion<\/a><\/span><\/span> <span class=\"post-comments\"><a href=\"http:\/\/www.istra.hr\/en\/attractions-and-activities\/events#respond\" rel=\"author\">0<\/a><\/span>                <\/div>\n            <\/div>\n        <\/div>\n    <\/div>\n<\/div>\n<div class=\"column-item post-style-1 hentry\">\n    <div class=\"post-inner\">\n                    <div class=\"post-thumbnail\">\n                <a href=\"https:\/\/www.istra.hr\/en\/experience\/sports-and-outdoor\">\n                    <img width=\"768\" height=\"768\" src=\"https:\/\/polion-rent.com\/wp-content\/uploads\/2021\/03\/istria-sports.jpg\" class=\"attachment-triply-post-grid size-triply-post-grid wp-post-image\" alt=\"\" decoding=\"async\" loading=\"lazy\" srcset=\"https:\/\/polion-rent.com\/wp-content\/uploads\/2021\/03\/istria-sports.jpg 768w, https:\/\/polion-rent.com\/wp-content\/uploads\/2021\/03\/istria-sports-300x300.jpg 300w, https:\/\/polion-rent.com\/wp-content\/uploads\/2021\/03\/istria-sports-150x150.jpg 150w, https:\/\/polion-rent.com\/wp-content\/uploads\/2021\/03\/istria-sports-500x500.jpg 500w, https:\/\/polion-rent.com\/wp-content\/uploads\/2021\/03\/istria-sports-100x100.jpg 100w, https:\/\/polion-rent.com\/wp-content\/uploads\/2021\/03\/istria-sports-450x450.jpg 450w\" sizes=\"(max-width: 768px) 100vw, 768px\" \/>                <\/a>\n            <\/div><!-- .post-thumbnail -->\n\n                <div class=\"entry-content\">\n            <div class=\"entry-content-wrapper\">\n                <div class=\"entry-header\">\n                    <span class=\"categories-link\"><span class=\"screen-reader-text\">Categories<\/span><a href=\"https:\/\/polion-rent.com\/hr\/category\/sports\/\" rel=\"category tag\">Sports<\/a><\/span><h3 class=\"entry-title\"><a href=\"https:\/\/www.istra.hr\/en\/experience\/sports-and-outdoor\" rel=\"bookmark\">Rekreacija i sportske aktivnosti<\/a><\/h3>                <\/div>\n                <div class=\"entry-bottom\">\n                    <p>Sport, rekreacija i zabava u Istri: Biciklizam, jedrenje, jahanje, ronjenje, tenis \u2026 Istra vam nudi mnogo vrsta sporta\u2026<\/p>\n                <\/div>\n                <div class=\"entry-meta\">\n                    <span class=\"posted-on\"><a href=\"https:\/\/www.istra.hr\/en\/experience\/sports-and-outdoor\" rel=\"bookmark\"><time class=\"entry-date published\" datetime=\"2021-03-18T08:30:16+01:00\">O\u017eujak<\/time><time class=\"updated\" datetime=\"2026-02-03T11:26:46+01:00\">February 3, 2026<\/time><\/a><\/span> <span class=\"post-author\"><span>By <a href=\"https:\/\/polion-rent.com\/hr\/author\/polion\/\">polion<\/a><\/span><\/span> <span class=\"post-comments\"><a href=\"https:\/\/www.istra.hr\/en\/experience\/sports-and-outdoor#respond\" rel=\"author\">0<\/a><\/span>                <\/div>\n            <\/div>\n        <\/div>\n    <\/div>\n<\/div>\n            <\/div>\n\n                    <\/div>\n        \t\t<\/div>\n\t\t\t\t<\/div>\n\t\t\t\t\t\t<\/div>\n\t\t\t\t\t<\/div>\n\t\t<\/div>\n\t\t\t\t\t\t\t\t<\/div>\n\t\t\t\t\t<\/div>\n\t\t<\/section>\n\t\t\t\t\t\t\t\t\t<\/div>\n\t\t\t<\/div>\n\t\t\t\t\t<\/div>","protected":false},"excerpt":{"rendered":"<p>CategoriesFood &amp; Wine Gastronomy in Istria Istrian cuisine will enchant you with its variety and balance. Sometimes you will experience the Mediterranean side of&hellip; March 18, 2021March 22, 2021 By polion 0 CategoriesCulture Arts and Culture Taking a walk along the magical paths of the rich and tempestuous past, you will arrive at a&hellip; March [&hellip;]<\/p>","protected":false},"author":1,"featured_media":0,"parent":0,"menu_order":0,"comment_status":"closed","ping_status":"closed","template":"elementor_header_footer","meta":{"inline_featured_image":false,"_links_to":"","_links_to_target":""},"_links":{"self":[{"href":"https:\/\/polion-rent.com\/hr\/wp-json\/wp\/v2\/pages\/7226"}],"collection":[{"href":"https:\/\/polion-rent.com\/hr\/wp-json\/wp\/v2\/pages"}],"about":[{"href":"https:\/\/polion-rent.com\/hr\/wp-json\/wp\/v2\/types\/page"}],"author":[{"embeddable":true,"href":"https:\/\/polion-rent.com\/hr\/wp-json\/wp\/v2\/users\/1"}],"replies":[{"embeddable":true,"href":"https:\/\/polion-rent.com\/hr\/wp-json\/wp\/v2\/comments?post=7226"}],"version-history":[{"count":0,"href":"https:\/\/polion-rent.com\/hr\/wp-json\/wp\/v2\/pages\/7226\/revisions"}],"wp:attachment":[{"href":"https:\/\/polion-rent.com\/hr\/wp-json\/wp\/v2\/media?parent=7226"}],"curies":[{"name":"wp","href":"https:\/\/api.w.org\/{rel}","templated":true}]}}