{"id":7927,"date":"2021-03-29T13:45:31","date_gmt":"2021-03-29T11:45:31","guid":{"rendered":"https:\/\/polion-rent.com\/politika-privatnosti\/"},"modified":"2026-02-03T11:27:12","modified_gmt":"2026-02-03T10:27:12","slug":"politika-privatnosti","status":"publish","type":"page","link":"https:\/\/polion-rent.com\/hr\/politika-privatnosti\/","title":{"rendered":"Politika privatnosti"},"content":{"rendered":"<p>Polion Rent posve\u0107en je za\u0161titi va\u0161e privatnosti. Ova Pravila o privatnosti obja\u0161njavaju na\u0161u praksu privatnosti i pru\u017eaju informacije o tome kako i za\u0161to prikupljamo, koristimo i dijelimo va\u0161e podatke kroz interakciju s vama putem na\u0161ih proizvoda i usluga te kada posjetite na\u0161u me\u0111unarodnu web stranicu www.polion-rent.com<\/p>\n\n<p>Polion kao vlasnik Polion Rent du\u017ean je \u0161tititi osobne podatke klijenata. Prikupljamo samo osnovne podatke o klijentu \/ korisniku koji su potrebni za ispunjavanje na\u0161ih obveza. Obavje\u0161tavamo kupce o na\u010dinu na koji koristimo njihove podatke i odlu\u010dujemo ho\u0107e li se njihovo ime na\u0107i na popisima koji se koriste za marketin\u0161ke kampanje. Svi osobni podaci korisnika strogo se \u010duvaju, dostupni su samo zaposlenicima koji su zadu\u017eeni za ovaj posao. Svi zaposlenici tvrtke Polion i poslovni partneri odgovorni su za po\u0161tivanje na\u010dela privatnosti.<\/p>\n\n<h4 class=\"wp-block-heading\">Prikupljanje i kori\u0161tenje informacija<\/h4>\n\n<p>Polion Rent cijeni i \u0161titi va\u0161u privatnost. U procesu realizacije tra\u017eene usluge te za davanje obavijesti i informacija vezanih uz na\u0161e usluge, koristit \u0107emo isklju\u010divo informacije koje pristanete dati. Obvezujemo se da va\u0161e osobne informacije ne\u0107emo prodati, iznijeti ili dati tre\u0107oj osobi na na\u010din koji nije naveden u ovom programu.<\/p>\n\n<h4 class=\"wp-block-heading\">Registracija<\/h4>\n\n<p>Kako bi napravio rezervaciju ili poslao upit na na\u0161im web stranicama, korisnik prethodno mora popuniti kontakt formu. Prilikom ispunjavanja forme od korisnika se tra\u017ee kontakt informacije (poput imena i e-mail adrese). Te se informacije koriste kako bi se stupilo u kontakt s korisnikom prilikom odgovaranja na pitanja postavljena na na\u0161im web stranicama. Tako\u0111er, podaci osiguravaju privatnost korisnika pri kontroli statusa rezervacije i unosa ili promjene podataka.<\/p>\n\n<h4 class=\"wp-block-heading\">Log datoteke<\/h4>\n\n<p>Koristimo IP adrese kako bismo analizirali trendove, pratili kretanje korisnika, odr\u017eavali web stranice i skupili \u0161ire demografske podatke. IP adrese nisu vezane uz osobne podatke pomo\u0107u kojih je mogu\u0107a identifikacija pojedinca.<\/p>\n\n<h4 class=\"wp-block-heading\">Dostupnost informacija<\/h4>\n\n<p>Prikupljeni demografski podaci bit \u0107e dostupni na\u0161im medijskim partnerima, profesionalcima i ogla\u0161iva\u010dima. Demografski podaci nisu povezani s osobnim podatcima pomo\u0107u kojih je mogu\u0107a identifikacija pojedinca. Pri pru\u017eanju odre\u0111enih usluga udru\u017eujemo se s tre\u0107om strankom. Tre\u0107oj \u0107e stranci biti dostupno ime ili ostale kontakt informacije tek ako korisnik zatra\u017ei ove usluge. Tre\u0107oj stranci nije dozvoljeno koristiti osobne podatke osim u svrhu pru\u017eanja navedenih usluga.<\/p>\n\n<h4 class=\"wp-block-heading\">Linkovi<\/h4>\n\n<p>Na\u0161a web stranica mo\u017ee sadr\u017eavati linkove na druge web stranice. Tvrtka Polion d.o.o. ne mo\u017ee biti odgovoran za po\u0161tivanje privatnosti na drugim web stranicama. Poti\u010demo korisnike da pro\u010ditaju izjave o privatnosti svake web stranice koja prikuplja i koristi njihove osobne podatke. Ova izjava o privatnosti primjenjiva je isklju\u010divo na informacije koje su prikupljene na ovoj web stranici.<\/p>\n\n<h4 class=\"wp-block-heading\">Sigurnost<\/h4>\n\n<p>Poduzimamo sve potrebne mjere kako bi na na\u0161im stranicama korisni\u010dki podaci bili za\u0161ti\u0107eni. Povjerljivi podaci za\u0161ti\u0107eni su i online i offline. Ako na\u0161i formulari zahtijevaju povjerljive podatke, ti su podaci \u0161ifrirani i za\u0161ti\u0107eni sigurnosnim protokolom (SSL). Internetski pretra\u017eiva\u010di (browseri) poput Internet Explorera, Google Chromea ili Firefoxa ikonom lokota ozna\u010davaju za\u0161ti\u0107enost stranica. Ukoliko je lokot na ikoni zatvoren, nalazite se na za\u0161ti\u0107enoj stranici. Koristimo SSL \u0161ifriranje kako bismo za\u0161titili korisni\u010dke podatke na internetu te \u010dinimo sve \u0161to je u na\u0161oj mogu\u0107nosti kako bismo podatke za\u0161titili i offline. Pristup svim podacima o na\u0161im korisnicima je ograni\u010den. Pristup povjerljivim podacima imaju samo zaposlenici kojima su ti podaci potrebni kako bi obavili odre\u0111ene usluge. Za sva dodatna pitanja o sigurnosti na na\u0161im web stranicama mo\u017eete poslati e-mail na: <a href=\"mailto:polion-rent@polion.hr\">polion-rent@polion.hr<\/a><\/p>\n\n<h4 class=\"wp-block-heading\">Ispravak\/A\u017euriranje osobnih podataka<\/h4>\n\n<p>Ispitanik ima sljede\u0107a prava:<\/p>\n\n<ul><li>pravo na ispravak<\/li><li>pravo na brisanje\/zaborav<\/li><li>pravo na ograni\u010denje obrade<\/li><li>pravo na prenosivost podataka<\/li><li>pravo na pristup<\/li><li>pravo na prigovor<\/li><\/ul>\n\n<p>Za sve zahtjeve mo\u017ee se javiti slu\u017ebeniku za za\u0161titu osobnih podataka Polion d.o.o. \u010diji su podaci i kontakt u nastavku.&#13;\nObrtni\u010dka 12, 32 100 Vinkovci, email: <a href=\"mailto:polion-rent@polion.hr\">polion-rent@polion.hr<\/a><\/p>\n\n<h4 class=\"wp-block-heading\">Obavijesti o promjenama<\/h4>\n\n<p>Ako odlu\u010dimo promijeniti na\u0161a pravila o po\u0161tovanju privatnosti, obavijest o tome objavit \u0107emo na naslovnici na\u0161ih web stranica. Korisnici \u0107e uvijek biti upoznati s podacima koje prikupljamo, s na\u010dinima na koji koristimo prikupljene podatke te pod kojim uvjetima eventualno otkrivamo osobne podatke. Ako u bilo kojem trenutku osobne podatke korisnika odlu\u010dimo iskoristiti na druk\u010diji na\u010din od navedenog u vrijeme kad su oni dobiveni, korisnicima \u0107emo poslati e-mail. Korisnicima \u0107e biti omogu\u0107eno da odobre ili odbiju kori\u0161tenje podataka na novi na\u010din. Podatke \u0107emo koristiti u skladu s pravilima o privatnosti va\u017ee\u0107ima u vrijeme prikupljanja podataka korisnika.<\/p>\n\n<h4 class=\"wp-block-heading\">Pravila o postupanju s kola\u010di\u0107ima<\/h4>\n\n<p>Kola\u010di\u0107 (cookie) je podatak koji web stranica pohranjuje u ra\u010dunalo ili mobilni ure\u0111aj posjetitelja. Kola\u010di\u0107 dozvoljava web stranici da pamti akcije posjetitelja iz njegovih posjeta. Ve\u0107ina preglednika dozvoljava upotrebu kola\u010di\u0107a, ali korisnik u svakom trenutku mo\u017ee kola\u010di\u0107e obrisati ili postaviti u pregledniku zabranu upotrebe kola\u010di\u0107a. Naj\u010de\u0161\u0107e razlozi upotrebe kola\u010di\u0107a su identifikacija korisnika, pam\u0107enje preferencija korisnika, pomo\u0107 pri unosu ili pregledu sadr\u017eaja koji je ve\u0107 una\u0161an u prija\u0161njim posjetima, skupljanje podataka za analize i promotivne kampanje. Prilikom uporabe kola\u010di\u0107a odre\u0111eni podaci se prikupljaju automatski s va\u0161eg ra\u010dunala pri dolasku na na\u0161e stranice. Ti podaci mogu uklju\u010divati i IP adresu, datum i vrijeme pristupe, podatke o vrsti ra\u010dunala, operativnog sustava, pretra\u017eiva\u010du koji koristite, verzijama programa kao i jezi\u010dnim postavkama va\u0161eg ra\u010dunala. Pristupom na samu stranicu vidjet \u0107ete obavijest o kori\u0161tenju kola\u010di\u0107a koji prikupljaju ove podatke te pritiskom na polje \u201esla\u017eem se\u201c dajete nam privolu za prikupljanje tih podataka. Ukoliko na stranicama ne date privolu ti podaci ne\u0107e biti prikupljani, pohranjeni i obra\u0111ivani. Kola\u010di\u0107i se pohranjuju na ra\u010dunalu i bri\u0161u se odmah nakon zatvaranja preglednika a omogu\u0107uju stranici prikupljanje privremenih podataka poput ko\u0161arice za kupnju. U postavkama pretra\u017eiva\u010da mo\u017eete odrediti da li kola\u010di\u0107e \u017eelite prihvatiti ili odbiti. Mjesto ure\u0111ivanja postavki ovise o vrsti pretra\u017eiva\u010da, a mo\u017ee se na\u0107i prilikom pretra\u017eivanja help ili pomo\u0107 datoteke. Ukoliko odlu\u010dite da ne \u017eelite prihva\u0107ati kola\u010di\u0107e sa polion-rent.com web stranice postoji mogu\u0107nost da ne\u0107ete mo\u0107i koristiti odre\u0111ene funkcije na web stranici.<\/p>","protected":false},"excerpt":{"rendered":"<p>Polion Rent posve\u0107en je za\u0161titi va\u0161e privatnosti. Ova Pravila o privatnosti obja\u0161njavaju na\u0161u praksu privatnosti i pru\u017eaju informacije o tome kako i za\u0161to prikupljamo, koristimo i dijelimo va\u0161e podatke kroz interakciju s vama putem na\u0161ih proizvoda i usluga te kada posjetite na\u0161u me\u0111unarodnu web stranicu www.polion-rent.com Polion kao vlasnik Polion Rent du\u017ean je \u0161tititi osobne [&hellip;]<\/p>","protected":false},"author":1,"featured_media":0,"parent":0,"menu_order":0,"comment_status":"closed","ping_status":"open","template":"","meta":{"inline_featured_image":false,"_links_to":"","_links_to_target":""},"_links":{"self":[{"href":"https:\/\/polion-rent.com\/hr\/wp-json\/wp\/v2\/pages\/7927"}],"collection":[{"href":"https:\/\/polion-rent.com\/hr\/wp-json\/wp\/v2\/pages"}],"about":[{"href":"https:\/\/polion-rent.com\/hr\/wp-json\/wp\/v2\/types\/page"}],"author":[{"embeddable":true,"href":"https:\/\/polion-rent.com\/hr\/wp-json\/wp\/v2\/users\/1"}],"replies":[{"embeddable":true,"href":"https:\/\/polion-rent.com\/hr\/wp-json\/wp\/v2\/comments?post=7927"}],"version-history":[{"count":0,"href":"https:\/\/polion-rent.com\/hr\/wp-json\/wp\/v2\/pages\/7927\/revisions"}],"wp:attachment":[{"href":"https:\/\/polion-rent.com\/hr\/wp-json\/wp\/v2\/media?parent=7927"}],"curies":[{"name":"wp","href":"https:\/\/api.w.org\/{rel}","templated":true}]}}